{"id":1094,"date":"2024-06-03T06:07:23","date_gmt":"2024-06-03T09:07:23","guid":{"rendered":"https:\/\/camaraitaliana.com.br\/a-camara\/quem-somos\/"},"modified":"2024-09-01T05:24:08","modified_gmt":"2024-09-01T08:24:08","slug":"chi-siamo","status":"publish","type":"page","link":"https:\/\/camaraitaliana.com.br\/it\/la-camera\/chi-siamo\/","title":{"rendered":"Chi siamo"},"content":{"rendered":"<div class='clear'><\/div><div id='submenu'  class='av-submenu-container av-15aafi-adf77935ba7b00ab58d15e759d2d5748 alternate_color  avia-builder-el-0  el_before_av_section  avia-builder-el-first  av-sticky-submenu container_wrap fullsize' style='z-index:301' ><div class='container av-menu-mobile-disabled av-submenu-pos-center'><ul id=\"menu-submenu-a-camara-italiano\" class=\"av-subnav-menu\" role=\"menu\"><li role=\"menuitem\" id=\"menu-item-1286\" class=\"menu-item menu-item-type-post_type menu-item-object-page menu-item-top-level menu-item-top-level-1\"><a href=\"https:\/\/camaraitaliana.com.br\/it\/la-camera\/chi-siamo\/\" itemprop=\"url\" tabindex=\"0\"><span class=\"avia-bullet\"><\/span><span class=\"avia-menu-text\">Chi siamo<\/span><span class=\"avia-menu-fx\"><span class=\"avia-arrow-wrap\"><span class=\"avia-arrow\"><\/span><\/span><\/span><\/a><\/li>\n<li role=\"menuitem\" id=\"menu-item-1287\" class=\"menu-item menu-item-type-post_type menu-item-object-page menu-item-top-level menu-item-top-level-2\"><a href=\"https:\/\/camaraitaliana.com.br\/it\/la-camera\/direzione\/\" itemprop=\"url\" tabindex=\"0\"><span class=\"avia-bullet\"><\/span><span class=\"avia-menu-text\">Direzione<\/span><span class=\"avia-menu-fx\"><span class=\"avia-arrow-wrap\"><span class=\"avia-arrow\"><\/span><\/span><\/span><\/a><\/li>\n<li role=\"menuitem\" id=\"menu-item-1288\" class=\"menu-item menu-item-type-post_type menu-item-object-page menu-item-top-level menu-item-top-level-3\"><a href=\"https:\/\/camaraitaliana.com.br\/it\/la-camera\/consigli\/\" itemprop=\"url\" tabindex=\"0\"><span class=\"avia-bullet\"><\/span><span class=\"avia-menu-text\">Consigli<\/span><span class=\"avia-menu-fx\"><span class=\"avia-arrow-wrap\"><span class=\"avia-arrow\"><\/span><\/span><\/span><\/a><\/li>\n<li role=\"menuitem\" id=\"menu-item-1289\" class=\"menu-item menu-item-type-post_type menu-item-object-page menu-item-top-level menu-item-top-level-4\"><a href=\"https:\/\/camaraitaliana.com.br\/it\/la-camera\/team\/\" itemprop=\"url\" tabindex=\"0\"><span class=\"avia-bullet\"><\/span><span class=\"avia-menu-text\">Team<\/span><span class=\"avia-menu-fx\"><span class=\"avia-arrow-wrap\"><span class=\"avia-arrow\"><\/span><\/span><\/span><\/a><\/li>\n<li role=\"menuitem\" id=\"menu-item-1290\" class=\"menu-item menu-item-type-post_type menu-item-object-page menu-item-top-level menu-item-top-level-5\"><a href=\"https:\/\/camaraitaliana.com.br\/it\/la-camera\/statuto-sociale\/\" itemprop=\"url\" tabindex=\"0\"><span class=\"avia-bullet\"><\/span><span class=\"avia-menu-text\">Statuto Sociale<\/span><span class=\"avia-menu-fx\"><span class=\"avia-arrow-wrap\"><span class=\"avia-arrow\"><\/span><\/span><\/span><\/a><\/li>\n<li role=\"menuitem\" id=\"menu-item-1291\" class=\"menu-item menu-item-type-post_type menu-item-object-page menu-item-top-level menu-item-top-level-6\"><a href=\"https:\/\/camaraitaliana.com.br\/it\/la-camera\/delegazioni\/\" itemprop=\"url\" tabindex=\"0\"><span class=\"avia-bullet\"><\/span><span class=\"avia-menu-text\">Delegazioni<\/span><span class=\"avia-menu-fx\"><span class=\"avia-arrow-wrap\"><span class=\"avia-arrow\"><\/span><\/span><\/span><\/a><\/li>\n<li role=\"menuitem\" id=\"menu-item-1941\" class=\"menu-item menu-item-type-post_type menu-item-object-page menu-item-top-level menu-item-top-level-7\"><a href=\"https:\/\/camaraitaliana.com.br\/it\/la-camera\/politica-della-qualita\/\" itemprop=\"url\" tabindex=\"0\"><span class=\"avia-bullet\"><\/span><span class=\"avia-menu-text\">Politica della Qualit\u00e0<\/span><span class=\"avia-menu-fx\"><span class=\"avia-arrow-wrap\"><span class=\"avia-arrow\"><\/span><\/span><\/span><\/a><\/li>\n<li role=\"menuitem\" id=\"menu-item-3202\" class=\"menu-item menu-item-type-post_type menu-item-object-page menu-item-top-level menu-item-top-level-8\"><a href=\"https:\/\/camaraitaliana.com.br\/it\/la-camera\/codice-etico\/\" itemprop=\"url\" tabindex=\"0\"><span class=\"avia-bullet\"><\/span><span class=\"avia-menu-text\">Codice Etico<\/span><span class=\"avia-menu-fx\"><span class=\"avia-arrow-wrap\"><span class=\"avia-arrow\"><\/span><\/span><\/span><\/a><\/li>\n<\/ul><\/div><\/div><div class='sticky_placeholder'><\/div>\n<div id='av_section_1'  class='avia-section av-nkq9q-245ad34e7c437249dbbe079e4079244f main_color avia-section-default avia-no-border-styling  avia-builder-el-1  el_after_av_submenu  avia-builder-el-last  avia-bg-style-scroll container_wrap fullsize'  ><div class='container av-section-cont-open' ><div class='template-page content  av-content-full alpha units'><div class='post-entry post-entry-type-page post-entry-1094'><div class='entry-content-wrapper clearfix'>\n<div  class='flex_column av-g4kpy-639bf68967e21b6aebd0dff425dd0e1c av_one_full  avia-builder-el-2  avia-builder-el-no-sibling  first flex_column_div  '     ><section  class='av_textblock_section av-8r90u-d30c7ec1c0fcbf591bbf6a012dfc6b4b '   itemscope=\"itemscope\" itemtype=\"https:\/\/schema.org\/CreativeWork\" ><div class='avia_textblock'  itemprop=\"text\" ><p>Dal 1950, la Camera Italo-Brasiliana di Commercio e Industria \u00e8 stata il legame che connetta sogni e opportunit\u00e0 tra il Brasile e l\u2019Italia. Il nostro impegno \u00e8 creare uno scenario ricco di opportunit\u00e0 commerciali tra queste due nazioni dinamiche. Con un retaggio che supera le sette decadi, possediamo esperienza nella promozione di relazioni commerciali fruttuose e durature.<\/p>\n<p>Siamo ufficialmente riconosciuti dal Ministero dello Sviluppo Economico Italiano (MiSE). Facciamo parte di un sistema composto da 84 Camere di Commercio Italiane, presenti in 61 paesi. Questa \u00e8 una rete altamente qualificata, con oltre 20.000 aziende associate, di cui l\u201988% sono italiane. Circa 300.000 contatti commerciali avvengono ogni anno.<\/p>\n<p>La nostra presenza in Brasile si estende attraverso il Rio de Janeiro, l\u2019Esp\u00edrito Santo, il Distretto Federale, il Mato Grosso, oltre a tutti gli stati del Nord e del Nordeste brasiliano. Queste sono regioni con un significativo potenziale economico, dove settori cruciali come il petrolio e il gas, il turismo, l\u2019agroindustria, l\u2019industria automobilistica e la tecnologia stimolano la dinamica economica. Siamo profondamente impegnati nello sviluppo sostenibile e nella collaborazione strategica in queste aree.<\/p>\n<p>La sede della Camera, situata nella citt\u00e0 di Rio de Janeiro, \u00e8 il cuore delle nostre attivit\u00e0. Inoltre, la nostra presenza si estende su tutta la nostra giurisdizione attraverso le nostre delegazioni, che svolgono un ruolo vitale nella diffusione delle attivit\u00e0 della Camera.<\/p>\n<p>Riuniamo aziende, leader e visionari di una vasta gamma di settori, promuovendo collaborazioni strategiche e partnership innovative. Se sei un\u2019azienda brasiliana in cerca di espansione in Italia o un\u2019azienda italiana interessata al mercato brasiliano, consideraci il tuo punto di partenza.<\/p>\n<p>Mentre continuiamo a plasmare il futuro del commercio tra Brasile e Italia, ti invitiamo a unirti a noi in questo percorso. Ogni passo compiuto diventa un anello per il successo. Benvenuto nella nostra comunit\u00e0 italo-brasiliana, dove l\u2019esperienza si unisce alla seriet\u00e0 per forgiare un futuro di opportunit\u00e0 e collaborazioni durature. Il tuo successo inizia qui.<\/p>\n<\/div><\/section><\/div>\n","protected":false},"excerpt":{"rendered":"","protected":false},"author":1,"featured_media":0,"parent":1080,"menu_order":0,"comment_status":"closed","ping_status":"closed","template":"","meta":{"_acf_changed":false,"inline_featured_image":false,"_joinchat":[],"footnotes":""},"class_list":["post-1094","page","type-page","status-publish","hentry"],"acf":[],"_links":{"self":[{"href":"https:\/\/camaraitaliana.com.br\/it\/wp-json\/wp\/v2\/pages\/1094","targetHints":{"allow":["GET"]}}],"collection":[{"href":"https:\/\/camaraitaliana.com.br\/it\/wp-json\/wp\/v2\/pages"}],"about":[{"href":"https:\/\/camaraitaliana.com.br\/it\/wp-json\/wp\/v2\/types\/page"}],"author":[{"embeddable":true,"href":"https:\/\/camaraitaliana.com.br\/it\/wp-json\/wp\/v2\/users\/1"}],"replies":[{"embeddable":true,"href":"https:\/\/camaraitaliana.com.br\/it\/wp-json\/wp\/v2\/comments?post=1094"}],"version-history":[{"count":0,"href":"https:\/\/camaraitaliana.com.br\/it\/wp-json\/wp\/v2\/pages\/1094\/revisions"}],"up":[{"embeddable":true,"href":"https:\/\/camaraitaliana.com.br\/it\/wp-json\/wp\/v2\/pages\/1080"}],"wp:attachment":[{"href":"https:\/\/camaraitaliana.com.br\/it\/wp-json\/wp\/v2\/media?parent=1094"}],"curies":[{"name":"wp","href":"https:\/\/api.w.org\/{rel}","templated":true}]}}