{"id":1095,"date":"2024-06-03T06:08:22","date_gmt":"2024-06-03T09:08:22","guid":{"rendered":"https:\/\/camaraitaliana.com.br\/a-camara\/missao\/"},"modified":"2024-09-01T05:22:57","modified_gmt":"2024-09-01T08:22:57","slug":"missione-visione-e-valori","status":"publish","type":"page","link":"https:\/\/camaraitaliana.com.br\/it\/la-camera\/missione-visione-e-valori\/","title":{"rendered":"Missione, Visione e Valori"},"content":{"rendered":"<div class='clear'><\/div><div id='submenu'  class='av-submenu-container av-3ymiq-61e906c0fd98f7ae3e4fe0a9d76c0d43 alternate_color  avia-builder-el-0  el_before_av_section  avia-builder-el-first  av-sticky-submenu container_wrap fullsize' style='z-index:301' ><div class='container av-menu-mobile-disabled av-submenu-pos-center'><ul id=\"menu-submenu-a-camara-italiano\" class=\"av-subnav-menu\" role=\"menu\"><li role=\"menuitem\" id=\"menu-item-1286\" class=\"menu-item menu-item-type-post_type menu-item-object-page menu-item-top-level menu-item-top-level-1\"><a href=\"https:\/\/camaraitaliana.com.br\/it\/la-camera\/chi-siamo\/\" itemprop=\"url\" tabindex=\"0\"><span class=\"avia-bullet\"><\/span><span class=\"avia-menu-text\">Chi siamo<\/span><span class=\"avia-menu-fx\"><span class=\"avia-arrow-wrap\"><span class=\"avia-arrow\"><\/span><\/span><\/span><\/a><\/li>\n<li role=\"menuitem\" id=\"menu-item-1287\" class=\"menu-item menu-item-type-post_type menu-item-object-page menu-item-top-level menu-item-top-level-2\"><a href=\"https:\/\/camaraitaliana.com.br\/it\/la-camera\/direzione\/\" itemprop=\"url\" tabindex=\"0\"><span class=\"avia-bullet\"><\/span><span class=\"avia-menu-text\">Direzione<\/span><span class=\"avia-menu-fx\"><span class=\"avia-arrow-wrap\"><span class=\"avia-arrow\"><\/span><\/span><\/span><\/a><\/li>\n<li role=\"menuitem\" id=\"menu-item-1288\" class=\"menu-item menu-item-type-post_type menu-item-object-page menu-item-top-level menu-item-top-level-3\"><a href=\"https:\/\/camaraitaliana.com.br\/it\/la-camera\/consigli\/\" itemprop=\"url\" tabindex=\"0\"><span class=\"avia-bullet\"><\/span><span class=\"avia-menu-text\">Consigli<\/span><span class=\"avia-menu-fx\"><span class=\"avia-arrow-wrap\"><span class=\"avia-arrow\"><\/span><\/span><\/span><\/a><\/li>\n<li role=\"menuitem\" id=\"menu-item-1289\" class=\"menu-item menu-item-type-post_type menu-item-object-page menu-item-top-level menu-item-top-level-4\"><a href=\"https:\/\/camaraitaliana.com.br\/it\/la-camera\/team\/\" itemprop=\"url\" tabindex=\"0\"><span class=\"avia-bullet\"><\/span><span class=\"avia-menu-text\">Team<\/span><span class=\"avia-menu-fx\"><span class=\"avia-arrow-wrap\"><span class=\"avia-arrow\"><\/span><\/span><\/span><\/a><\/li>\n<li role=\"menuitem\" id=\"menu-item-1290\" class=\"menu-item menu-item-type-post_type menu-item-object-page menu-item-top-level menu-item-top-level-5\"><a href=\"https:\/\/camaraitaliana.com.br\/it\/la-camera\/statuto-sociale\/\" itemprop=\"url\" tabindex=\"0\"><span class=\"avia-bullet\"><\/span><span class=\"avia-menu-text\">Statuto Sociale<\/span><span class=\"avia-menu-fx\"><span class=\"avia-arrow-wrap\"><span class=\"avia-arrow\"><\/span><\/span><\/span><\/a><\/li>\n<li role=\"menuitem\" id=\"menu-item-1291\" class=\"menu-item menu-item-type-post_type menu-item-object-page menu-item-top-level menu-item-top-level-6\"><a href=\"https:\/\/camaraitaliana.com.br\/it\/la-camera\/delegazioni\/\" itemprop=\"url\" tabindex=\"0\"><span class=\"avia-bullet\"><\/span><span class=\"avia-menu-text\">Delegazioni<\/span><span class=\"avia-menu-fx\"><span class=\"avia-arrow-wrap\"><span class=\"avia-arrow\"><\/span><\/span><\/span><\/a><\/li>\n<li role=\"menuitem\" id=\"menu-item-1941\" class=\"menu-item menu-item-type-post_type menu-item-object-page menu-item-top-level menu-item-top-level-7\"><a href=\"https:\/\/camaraitaliana.com.br\/it\/la-camera\/politica-della-qualita\/\" itemprop=\"url\" tabindex=\"0\"><span class=\"avia-bullet\"><\/span><span class=\"avia-menu-text\">Politica della Qualit\u00e0<\/span><span class=\"avia-menu-fx\"><span class=\"avia-arrow-wrap\"><span class=\"avia-arrow\"><\/span><\/span><\/span><\/a><\/li>\n<li role=\"menuitem\" id=\"menu-item-3202\" class=\"menu-item menu-item-type-post_type menu-item-object-page menu-item-top-level menu-item-top-level-8\"><a href=\"https:\/\/camaraitaliana.com.br\/it\/la-camera\/codice-etico\/\" itemprop=\"url\" tabindex=\"0\"><span class=\"avia-bullet\"><\/span><span class=\"avia-menu-text\">Codice Etico<\/span><span class=\"avia-menu-fx\"><span class=\"avia-arrow-wrap\"><span class=\"avia-arrow\"><\/span><\/span><\/span><\/a><\/li>\n<\/ul><\/div><\/div><div class='sticky_placeholder'><\/div>\n<div id='av_section_1'  class='avia-section av-mntuy-70d34f535d93b0318cbd61922f4c5fdf main_color avia-section-default avia-no-border-styling  avia-builder-el-1  el_after_av_submenu  avia-builder-el-last  avia-bg-style-scroll container_wrap fullsize'  ><div class='container av-section-cont-open' ><div class='template-page content  av-content-full alpha units'><div class='post-entry post-entry-type-page post-entry-1095'><div class='entry-content-wrapper clearfix'>\n<div  class='flex_column av-fq7qy-93b64c6847acfa7b21fb7b6b95c91031 av_one_full  avia-builder-el-2  avia-builder-el-no-sibling  first flex_column_div  '     ><section  class='av_textblock_section av-9kxp6-75eb2d7578ac498a7233c8fb6ad1f32f '   itemscope=\"itemscope\" itemtype=\"https:\/\/schema.org\/CreativeWork\" ><div class='avia_textblock'  itemprop=\"text\" ><article id=\"post-2243\" class=\"post-2243 page type-page status-publish hentry\">\n<div class=\"entry-content\">\n<p>La Camera Italo-Brasiliana di Commercio e Industria ha come missione essere l\u2019istituzione-ponte tra il Brasile e l\u2019Italia, fungendo da interfaccia di supporto e consulenza affinch\u00e9 le aziende italiane e brasiliane possano realizzare i propri investimenti, affari e partenariati, contribuendo cos\u00ec allo scambio economico e commerciale tra i due paesi.<\/p>\n<p>La nostra visione \u00e8 essere riconosciuti come il principale facilitatore di opportunit\u00e0 commerciali e cooperazione tra il Brasile e l\u2019Italia, promuovendo una relazione solida e mutuamente vantaggiosa. Ambiamo a essere la prima scelta per le aziende che cercano di espandere le proprie attivit\u00e0 transnazionali e di sfruttare i vantaggi di entrambe le nazioni.<\/p>\n<p>Fondandoci su questi principi, la Camera si basa su valori fondamentali che guidano la nostra azione:<\/p>\n<ul>\n<li>Eccellenza: Ci impegniamo a fornire servizi di eccellenza che superino le aspettative dei nostri associati e clienti, cercando sempre di superare gli standard stabiliti.<\/li>\n<li>Partnership: Valorizziamo relazioni solide e di fiducia con i nostri partner, costruendo una piattaforma collaborativa per il successo reciproco.<\/li>\n<li>Innovazione: Abbracciamo l\u2019innovazione come motore di progresso, facilitando l\u2019adozione di tecnologie e strategie innovative in tutte le aree di attivit\u00e0.<\/li>\n<li>Sostenibilit\u00e0: Guidiamo le nostre azioni dal principio della sostenibilit\u00e0, promuovendo pratiche responsabili che beneficiino la societ\u00e0 e l\u2019ambiente.<\/li>\n<li>Miglioramento Continuo: Cerciamo incessantemente il miglioramento continuo dell\u2019efficacia del nostro sistema di gestione della qualit\u00e0, migliorando in modo coerente i nostri processi e servizi.<\/li>\n<li>Impegno: Dimostriamo un impegno inamovibile nella promozione dello scambio economico e commerciale tra Brasile e Italia, essendo i facilitatori affidabili per i nostri associati e clienti.<\/li>\n<\/ul>\n<p>Stabilendo questi principi come base della nostra Politica della Qualit\u00e0, rafforziamo il nostro impegno nel fornire servizi che soddisfino i requisiti e le aspettative dei nostri partner, mentre cerchiamo costantemente di migliorare le nostre operazioni e l\u2019efficacia del sistema di gestione della qualit\u00e0.<\/p>\n<div class=\"clearfix\"><\/div>\n<\/div>\n<footer class=\"entry-meta\"><\/footer>\n<\/article>\n<\/div><\/section><\/div>\n","protected":false},"excerpt":{"rendered":"","protected":false},"author":1,"featured_media":0,"parent":1080,"menu_order":1,"comment_status":"closed","ping_status":"closed","template":"","meta":{"_acf_changed":false,"inline_featured_image":false,"_joinchat":[],"footnotes":""},"class_list":["post-1095","page","type-page","status-publish","hentry"],"acf":[],"_links":{"self":[{"href":"https:\/\/camaraitaliana.com.br\/it\/wp-json\/wp\/v2\/pages\/1095","targetHints":{"allow":["GET"]}}],"collection":[{"href":"https:\/\/camaraitaliana.com.br\/it\/wp-json\/wp\/v2\/pages"}],"about":[{"href":"https:\/\/camaraitaliana.com.br\/it\/wp-json\/wp\/v2\/types\/page"}],"author":[{"embeddable":true,"href":"https:\/\/camaraitaliana.com.br\/it\/wp-json\/wp\/v2\/users\/1"}],"replies":[{"embeddable":true,"href":"https:\/\/camaraitaliana.com.br\/it\/wp-json\/wp\/v2\/comments?post=1095"}],"version-history":[{"count":0,"href":"https:\/\/camaraitaliana.com.br\/it\/wp-json\/wp\/v2\/pages\/1095\/revisions"}],"up":[{"embeddable":true,"href":"https:\/\/camaraitaliana.com.br\/it\/wp-json\/wp\/v2\/pages\/1080"}],"wp:attachment":[{"href":"https:\/\/camaraitaliana.com.br\/it\/wp-json\/wp\/v2\/media?parent=1095"}],"curies":[{"name":"wp","href":"https:\/\/api.w.org\/{rel}","templated":true}]}}