{"id":1096,"date":"2024-06-03T06:08:41","date_gmt":"2024-06-03T09:08:41","guid":{"rendered":"https:\/\/camaraitaliana.com.br\/a-camara\/diretoria\/"},"modified":"2025-02-13T16:16:41","modified_gmt":"2025-02-13T19:16:41","slug":"direzione","status":"publish","type":"page","link":"https:\/\/camaraitaliana.com.br\/it\/la-camera\/direzione\/","title":{"rendered":"Direzione"},"content":{"rendered":"<div class='clear'><\/div><div id='submenu'  class='av-submenu-container av-14692s-0a77ebd19014e71b03fa15e423321a2d alternate_color  avia-builder-el-0  el_before_av_section  avia-builder-el-first  av-sticky-submenu container_wrap fullsize' style='z-index:301' ><div class='container av-menu-mobile-disabled av-submenu-pos-center'><ul id=\"menu-submenu-a-camara-italiano\" class=\"av-subnav-menu\" role=\"menu\"><li role=\"menuitem\" id=\"menu-item-1286\" class=\"menu-item menu-item-type-post_type menu-item-object-page menu-item-top-level menu-item-top-level-1\"><a href=\"https:\/\/camaraitaliana.com.br\/it\/la-camera\/chi-siamo\/\" itemprop=\"url\" tabindex=\"0\"><span class=\"avia-bullet\"><\/span><span class=\"avia-menu-text\">Chi siamo<\/span><span class=\"avia-menu-fx\"><span class=\"avia-arrow-wrap\"><span class=\"avia-arrow\"><\/span><\/span><\/span><\/a><\/li>\n<li role=\"menuitem\" id=\"menu-item-1287\" class=\"menu-item menu-item-type-post_type menu-item-object-page menu-item-top-level menu-item-top-level-2\"><a href=\"https:\/\/camaraitaliana.com.br\/it\/la-camera\/direzione\/\" itemprop=\"url\" tabindex=\"0\"><span class=\"avia-bullet\"><\/span><span class=\"avia-menu-text\">Direzione<\/span><span class=\"avia-menu-fx\"><span class=\"avia-arrow-wrap\"><span class=\"avia-arrow\"><\/span><\/span><\/span><\/a><\/li>\n<li role=\"menuitem\" id=\"menu-item-1288\" class=\"menu-item menu-item-type-post_type menu-item-object-page menu-item-top-level menu-item-top-level-3\"><a href=\"https:\/\/camaraitaliana.com.br\/it\/la-camera\/consigli\/\" itemprop=\"url\" tabindex=\"0\"><span class=\"avia-bullet\"><\/span><span class=\"avia-menu-text\">Consigli<\/span><span class=\"avia-menu-fx\"><span class=\"avia-arrow-wrap\"><span class=\"avia-arrow\"><\/span><\/span><\/span><\/a><\/li>\n<li role=\"menuitem\" id=\"menu-item-1289\" class=\"menu-item menu-item-type-post_type menu-item-object-page menu-item-top-level menu-item-top-level-4\"><a href=\"https:\/\/camaraitaliana.com.br\/it\/la-camera\/team\/\" itemprop=\"url\" tabindex=\"0\"><span class=\"avia-bullet\"><\/span><span class=\"avia-menu-text\">Team<\/span><span class=\"avia-menu-fx\"><span class=\"avia-arrow-wrap\"><span class=\"avia-arrow\"><\/span><\/span><\/span><\/a><\/li>\n<li role=\"menuitem\" id=\"menu-item-1290\" class=\"menu-item menu-item-type-post_type menu-item-object-page menu-item-top-level menu-item-top-level-5\"><a href=\"https:\/\/camaraitaliana.com.br\/it\/la-camera\/statuto-sociale\/\" itemprop=\"url\" tabindex=\"0\"><span class=\"avia-bullet\"><\/span><span class=\"avia-menu-text\">Statuto Sociale<\/span><span class=\"avia-menu-fx\"><span class=\"avia-arrow-wrap\"><span class=\"avia-arrow\"><\/span><\/span><\/span><\/a><\/li>\n<li role=\"menuitem\" id=\"menu-item-1291\" class=\"menu-item menu-item-type-post_type menu-item-object-page menu-item-top-level menu-item-top-level-6\"><a href=\"https:\/\/camaraitaliana.com.br\/it\/la-camera\/delegazioni\/\" itemprop=\"url\" tabindex=\"0\"><span class=\"avia-bullet\"><\/span><span class=\"avia-menu-text\">Delegazioni<\/span><span class=\"avia-menu-fx\"><span class=\"avia-arrow-wrap\"><span class=\"avia-arrow\"><\/span><\/span><\/span><\/a><\/li>\n<li role=\"menuitem\" id=\"menu-item-1941\" class=\"menu-item menu-item-type-post_type menu-item-object-page menu-item-top-level menu-item-top-level-7\"><a href=\"https:\/\/camaraitaliana.com.br\/it\/la-camera\/politica-della-qualita\/\" itemprop=\"url\" tabindex=\"0\"><span class=\"avia-bullet\"><\/span><span class=\"avia-menu-text\">Politica della Qualit\u00e0<\/span><span class=\"avia-menu-fx\"><span class=\"avia-arrow-wrap\"><span class=\"avia-arrow\"><\/span><\/span><\/span><\/a><\/li>\n<li role=\"menuitem\" id=\"menu-item-3202\" class=\"menu-item menu-item-type-post_type menu-item-object-page menu-item-top-level menu-item-top-level-8\"><a href=\"https:\/\/camaraitaliana.com.br\/it\/la-camera\/codice-etico\/\" itemprop=\"url\" tabindex=\"0\"><span class=\"avia-bullet\"><\/span><span class=\"avia-menu-text\">Codice Etico<\/span><span class=\"avia-menu-fx\"><span class=\"avia-arrow-wrap\"><span class=\"avia-arrow\"><\/span><\/span><\/span><\/a><\/li>\n<\/ul><\/div><\/div><div class='sticky_placeholder'><\/div>\n<div id='av_section_1'  class='avia-section av-l2eqc-d41157eea5ba067627f3b0042f90f31f main_color avia-section-default avia-no-border-styling  avia-builder-el-1  el_after_av_submenu  el_before_av_one_full  avia-bg-style-scroll container_wrap fullsize'  ><div class='container av-section-cont-open' ><div class='template-page content  av-content-full alpha units'><div class='post-entry post-entry-type-page post-entry-1096'><div class='entry-content-wrapper clearfix'>\n<div  class='flex_column av-fcbr0-ed6276e6f5f274a57bebe50368f2e811 av_one_full  avia-builder-el-2  avia-builder-el-no-sibling  first flex_column_div  '     ><section  class='av_textblock_section av-bfj2s-bb0489255d535c44a12440ee358fb255 '   itemscope=\"itemscope\" itemtype=\"https:\/\/schema.org\/CreativeWork\" ><div class='avia_textblock'  itemprop=\"text\" ><h4><img loading=\"lazy\" decoding=\"async\" class=\"size-medium wp-image-17567 alignleft\" src=\"https:\/\/camaraitaliana.com.br\/wp-content\/uploads\/2023\/08\/1-240x300.png\" sizes=\"auto, (max-width: 240px) 100vw, 240px\" srcset=\"https:\/\/camaraitaliana.com.br\/wp-content\/uploads\/2023\/08\/1-240x300.png 240w, https:\/\/camaraitaliana.com.br\/wp-content\/uploads\/2023\/08\/1-384x480.png 384w, https:\/\/camaraitaliana.com.br\/wp-content\/uploads\/2023\/08\/1-768x960.png 768w, https:\/\/camaraitaliana.com.br\/wp-content\/uploads\/2023\/08\/1.png 1080w\" alt=\"\" width=\"240\" height=\"300\" \/><strong>Renata Novotny \u2013 Presidente<\/strong><\/h4>\n<p>Avvocata dal 1989 e socia fondatrice di Novotny, Ney, Saldanha, Penna, Ponte, Vianna &amp; Corr\u00eaa Advogados. Renata Novotny \u00e8 coordinatrice del Setor Tribut\u00e1rio dello studio legale. Con una vasta esperienza in diritto tributario, previdenziale, societario e doganale, \u00e8 una leader fiduciosa e un professionista riconosciuto. Assiste clienti nazionali e stranieri di tutte le dimensioni, operanti in vari settori dell\u2019economia. Autrice di articoli pubblicati su riviste specializzate, \u00e8 anche membro dell\u2019Associazione Brasiliana di Diritto Finanziario\u00a0 \u2013 ABDF e dell<em>\u2019International Fiscal Association<\/em> \u2013 IFA. Renata ha anche un\u2019ampia esperienza nel mondo accademico, avendo tenuto diverse conferenze e lavorato come docente nella disciplina di \u201c<em>Transforma\u00e7\u00f5es, Incorpora\u00e7\u00f5es, Fus\u00f5es e Cis\u00f5es de Sociedades<\/em>\u201d, nei corsi di p\u00f3s-gradua\u00e7\u00e3o in Direito Empresarial presso la PUC-Rio.<\/p>\n<\/div><\/section><\/div><\/div><\/div><\/div><!-- close content main div --><\/div><\/div><div id='after_section_1'  class='main_color av_default_container_wrap container_wrap fullsize'  ><div class='container av-section-cont-open' ><div class='template-page content  av-content-full alpha units'><div class='post-entry post-entry-type-page post-entry-1096'><div class='entry-content-wrapper clearfix'><div  class='flex_column av-av_one_full-dfffed1c4949eead95ef84c3cc332849 av_one_full  avia-builder-el-4  el_after_av_section  el_before_av_one_full  avia-builder-el-first  first flex_column_div  '     ><section  class='av_textblock_section av-m0h7650y-e6abecc1dbec93e5d4173acf4ae127a7 '   itemscope=\"itemscope\" itemtype=\"https:\/\/schema.org\/CreativeWork\" ><div class='avia_textblock'  itemprop=\"text\" ><h4><img loading=\"lazy\" decoding=\"async\" class=\"size-medium wp-image-17569 alignleft\" src=\"https:\/\/camaraitaliana.com.br\/wp-content\/uploads\/2023\/08\/3-240x300.png\" sizes=\"auto, (max-width: 240px) 100vw, 240px\" srcset=\"https:\/\/camaraitaliana.com.br\/wp-content\/uploads\/2023\/08\/3-240x300.png 240w, https:\/\/camaraitaliana.com.br\/wp-content\/uploads\/2023\/08\/3-384x480.png 384w, https:\/\/camaraitaliana.com.br\/wp-content\/uploads\/2023\/08\/3-768x960.png 768w, https:\/\/camaraitaliana.com.br\/wp-content\/uploads\/2023\/08\/3.png 1080w\" alt=\"\" width=\"240\" height=\"300\" \/><strong>Rodolfo Teichner \u2013 Vice-Presidente<\/strong><\/h4>\n<p>Possiede un\u2019esperienza preziosa nel settore aziendale. Rodolfo Teichner \u00e8 uno dei maggiori esperti di caff\u00e8 nel paese, con leadership e notevoli abilit\u00e0 nelle trattative internazionali. La sua competenza \u00e8 fondamentale per stringere i legami tra le imprese italiane e brasiliane, promuovendo importanti opportunit\u00e0 di business e partnership.<\/p>\n<\/div><\/section><\/div><\/p>\n<div  class='flex_column av-av_one_full-dfffed1c4949eead95ef84c3cc332849 av_one_full  avia-builder-el-6  el_after_av_one_full  el_before_av_one_full  first flex_column_div  column-top-margin'     ><section  class='av_textblock_section av-m0h77boy-000291ffa97c0b9488cc5a110eed9dcf '   itemscope=\"itemscope\" itemtype=\"https:\/\/schema.org\/CreativeWork\" ><div class='avia_textblock'  itemprop=\"text\" ><h4><img loading=\"lazy\" decoding=\"async\" class=\"size-medium wp-image-17571 alignleft\" src=\"https:\/\/camaraitaliana.com.br\/wp-content\/uploads\/2023\/08\/5-240x300.png\" sizes=\"auto, (max-width: 240px) 100vw, 240px\" srcset=\"https:\/\/camaraitaliana.com.br\/wp-content\/uploads\/2023\/08\/5-240x300.png 240w, https:\/\/camaraitaliana.com.br\/wp-content\/uploads\/2023\/08\/5-384x480.png 384w, https:\/\/camaraitaliana.com.br\/wp-content\/uploads\/2023\/08\/5-768x960.png 768w, https:\/\/camaraitaliana.com.br\/wp-content\/uploads\/2023\/08\/5.png 1080w\" alt=\"\" width=\"240\" height=\"300\" \/><strong>Saulo Bonizzato \u2013 Vice-Presidente<\/strong><\/h4>\n<p>Ha una solida carriera nel mondo aziendale. Saulo Bonizzato lavora da oltre 20 anni presso Accenture PLC, dirigendo settori quali Comunicazione, Media e Tecnologia in Brasile e America Latina. La sua ampia rete di contatti rafforza le relazioni commerciali e industriali e facilita lo scambio di conoscenze, tecnologie e opportunit\u00e0 di business. Ha lavorato in progetti di consulenza per le principali aziende di telecomunicazioni del paese. \u00c8 laureato in Ingegneria Elettrica presso l\u2019Universidade Federal do Rio de Janeiro e ha conseguito un MBA in Tecnologia dell\u2019Informazione presso la Funda\u00e7\u00e3o Get\u00falio Vargas.<\/p>\n<\/div><\/section><\/div>\n<div  class='flex_column av-av_one_full-dfffed1c4949eead95ef84c3cc332849 av_one_full  avia-builder-el-8  el_after_av_one_full  el_before_av_one_full  first flex_column_div  column-top-margin'     ><section  class='av_textblock_section av-m0h7874b-6d11c00936cc19a9e58157a6e27b5eeb '   itemscope=\"itemscope\" itemtype=\"https:\/\/schema.org\/CreativeWork\" ><div class='avia_textblock'  itemprop=\"text\" ><h4><strong><img loading=\"lazy\" decoding=\"async\" class=\"wp-image-2252 alignleft\" src=\"https:\/\/camaraitaliana.com.br\/wp-content\/uploads\/2025\/02\/12.png\" alt=\"\" width=\"240\" height=\"300\" srcset=\"https:\/\/camaraitaliana.com.br\/wp-content\/uploads\/2025\/02\/12.png 1080w, https:\/\/camaraitaliana.com.br\/wp-content\/uploads\/2025\/02\/12-240x300.png 240w, https:\/\/camaraitaliana.com.br\/wp-content\/uploads\/2025\/02\/12-824x1030.png 824w, https:\/\/camaraitaliana.com.br\/wp-content\/uploads\/2025\/02\/12-768x960.png 768w, https:\/\/camaraitaliana.com.br\/wp-content\/uploads\/2025\/02\/12-564x705.png 564w\" sizes=\"auto, (max-width: 240px) 100vw, 240px\" \/>Regiane Bochichi \u2013 Segretaria Generale<\/strong><\/h4>\n<p>Nata a San Paolo &#8211; SP (Brasile), Regiane vanta oltre 30 anni di esperienza nel marketing e nei contenuti giornalistici, avendo lavorato in aziende nazionali e multinazionali del settore della comunicazione, sia in media che in agenzie. Co-autrice del <em>Business Model Regeneration Canvas<\/em>, uno strumento di modellazione aziendale con una visione ESG, possiede una visione a 360\u00b0 dei progetti di comunicazione, integrando azioni online e offline, con competenze in internet, radio, eventi e gestione dei social media. Specialista in pianificazione strategica, gestione di team e sviluppo di progetti, Regiane ha una forte capacit\u00e0 di identificare opportunit\u00e0, proporre soluzioni innovative e potenziare i risultati. Vincitrice dei premi Esso di Giornalismo, APCA, Premio Colunistas e candidata al Cabor\u00e9, \u00e8 laureata in Giornalismo presso la PUC-SP, con un MBA in Conoscenza, Tecnologia e Innovazione (FEA\/USP) e una specializzazione in Informatica, Tecnologia e Internet (FIA\/USP).<\/p>\n<\/div><\/section><\/div><div  class='flex_column av-av_one_full-dfffed1c4949eead95ef84c3cc332849 av_one_full  avia-builder-el-10  el_after_av_one_full  avia-builder-el-last  first flex_column_div  column-top-margin'     ><section  class='av_textblock_section av-m0h78pr6-8a9763f92c68009090fbec70ea90d33d '   itemscope=\"itemscope\" itemtype=\"https:\/\/schema.org\/CreativeWork\" ><div class='avia_textblock'  itemprop=\"text\" ><h4><strong><img loading=\"lazy\" decoding=\"async\" class=\" wp-image-17596 alignleft\" src=\"https:\/\/camaraitaliana.com.br\/wp-content\/uploads\/2023\/08\/7-240x300.png\" sizes=\"auto, (max-width: 200px) 100vw, 200px\" srcset=\"https:\/\/camaraitaliana.com.br\/wp-content\/uploads\/2023\/08\/7-240x300.png 240w, https:\/\/camaraitaliana.com.br\/wp-content\/uploads\/2023\/08\/7-384x480.png 384w, https:\/\/camaraitaliana.com.br\/wp-content\/uploads\/2023\/08\/7-768x960.png 768w, https:\/\/camaraitaliana.com.br\/wp-content\/uploads\/2023\/08\/7.png 1080w\" alt=\"\" width=\"240\" height=\"300\" \/>Eduardo Mariano Costa \u2013 Vice-Segretario Generale<\/strong><\/h4>\n<p>Nato a Nova Ven\u00e9cia \u2013 ES (Brasile), \u00e8 un avvocato laureato presso l\u2019Universit\u00e0 Federale di Rio de Janeiro (UFRJ), arricchendo la sua formazione con un anno accademico presso l\u2019Universit\u00e0 di Siena, in Italia. Attualmente sta seguendo un corso di post-laurea in Diritto Commerciale presso la Funda\u00e7\u00e3o Get\u00falio Vargas (FGV-Rio), ampliando la sua prospettiva globale e innovativa. La sua esperienza copre l\u2019area consulenziale e dei contratti dei centri commerciali di una grande holding del settore. Coordina i settori dei progetti; fiere e missioni; eventi; e comunicazione. Elabora e analizza anche tutti i contratti stipulati con la Camera, dimostrando il suo approccio poliedrico e la dedizione all\u2019eccellenza.<\/p>\n<\/div><\/section><\/div><\/p>\n","protected":false},"excerpt":{"rendered":"","protected":false},"author":1,"featured_media":0,"parent":1080,"menu_order":2,"comment_status":"closed","ping_status":"closed","template":"","meta":{"_acf_changed":false,"inline_featured_image":false,"_joinchat":[],"footnotes":""},"class_list":["post-1096","page","type-page","status-publish","hentry"],"acf":[],"_links":{"self":[{"href":"https:\/\/camaraitaliana.com.br\/it\/wp-json\/wp\/v2\/pages\/1096","targetHints":{"allow":["GET"]}}],"collection":[{"href":"https:\/\/camaraitaliana.com.br\/it\/wp-json\/wp\/v2\/pages"}],"about":[{"href":"https:\/\/camaraitaliana.com.br\/it\/wp-json\/wp\/v2\/types\/page"}],"author":[{"embeddable":true,"href":"https:\/\/camaraitaliana.com.br\/it\/wp-json\/wp\/v2\/users\/1"}],"replies":[{"embeddable":true,"href":"https:\/\/camaraitaliana.com.br\/it\/wp-json\/wp\/v2\/comments?post=1096"}],"version-history":[{"count":3,"href":"https:\/\/camaraitaliana.com.br\/it\/wp-json\/wp\/v2\/pages\/1096\/revisions"}],"predecessor-version":[{"id":2363,"href":"https:\/\/camaraitaliana.com.br\/it\/wp-json\/wp\/v2\/pages\/1096\/revisions\/2363"}],"up":[{"embeddable":true,"href":"https:\/\/camaraitaliana.com.br\/it\/wp-json\/wp\/v2\/pages\/1080"}],"wp:attachment":[{"href":"https:\/\/camaraitaliana.com.br\/it\/wp-json\/wp\/v2\/media?parent=1096"}],"curies":[{"name":"wp","href":"https:\/\/api.w.org\/{rel}","templated":true}]}}