{"id":1100,"date":"2024-06-03T06:06:38","date_gmt":"2024-06-03T09:06:38","guid":{"rendered":"https:\/\/camaraitaliana.com.br\/o-que-fazemos\/servicos\/"},"modified":"2025-02-13T16:43:19","modified_gmt":"2025-02-13T19:43:19","slug":"servizi","status":"publish","type":"page","link":"https:\/\/camaraitaliana.com.br\/it\/cosa-facciamo\/servizi\/","title":{"rendered":"Servizi"},"content":{"rendered":"<div class='clear'><\/div><div id='submenu'  class='av-submenu-container av-yodm2-4462f512589e7b38e48060be07a40d5c alternate_color  avia-builder-el-0  el_before_av_section  avia-builder-el-first  av-sticky-submenu container_wrap fullsize' style='z-index:301' ><div class='container av-menu-mobile-disabled av-submenu-pos-center'><ul id=\"menu-submenu-o-que-fazemos-italiano\" class=\"av-subnav-menu\" role=\"menu\"><li role=\"menuitem\" id=\"menu-item-1283\" class=\"menu-item menu-item-type-post_type menu-item-object-page menu-item-top-level menu-item-top-level-1\"><a href=\"https:\/\/camaraitaliana.com.br\/it\/cosa-facciamo\/servizi\/\" itemprop=\"url\" tabindex=\"0\"><span class=\"avia-bullet\"><\/span><span class=\"avia-menu-text\">Servizi<\/span><span class=\"avia-menu-fx\"><span class=\"avia-arrow-wrap\"><span class=\"avia-arrow\"><\/span><\/span><\/span><\/a><\/li>\n<li role=\"menuitem\" id=\"menu-item-1284\" class=\"menu-item menu-item-type-post_type menu-item-object-page menu-item-top-level menu-item-top-level-2\"><a href=\"https:\/\/camaraitaliana.com.br\/it\/cosa-facciamo\/progetti\/\" itemprop=\"url\" tabindex=\"0\"><span class=\"avia-bullet\"><\/span><span class=\"avia-menu-text\">Progetti<\/span><span class=\"avia-menu-fx\"><span class=\"avia-arrow-wrap\"><span class=\"avia-arrow\"><\/span><\/span><\/span><\/a><\/li>\n<li role=\"menuitem\" id=\"menu-item-1285\" class=\"menu-item menu-item-type-post_type menu-item-object-page menu-item-top-level menu-item-top-level-3\"><a href=\"https:\/\/camaraitaliana.com.br\/it\/cosa-facciamo\/comitati-tematici\/\" itemprop=\"url\" tabindex=\"0\"><span class=\"avia-bullet\"><\/span><span class=\"avia-menu-text\">Comitati Tematici<\/span><span class=\"avia-menu-fx\"><span class=\"avia-arrow-wrap\"><span class=\"avia-arrow\"><\/span><\/span><\/span><\/a><\/li>\n<\/ul><\/div><\/div><div class='sticky_placeholder'><\/div>\n<div id='servicos'  class='avia-section av-2irqde-2b3f32aadd14008f07fb8579be838373 main_color avia-section-large avia-no-border-styling  avia-builder-el-1  el_after_av_submenu  el_before_av_one_fifth  avia-bg-style-scroll container_wrap fullsize'  ><div class='container av-section-cont-open' ><div class='template-page content  av-content-full alpha units'><div class='post-entry post-entry-type-page post-entry-1100'><div class='entry-content-wrapper clearfix'>\n<div  class='flex_column av-8f2qy-0e9428b533fac204cbe753d4ef4f5727 av_one_fifth  avia-builder-el-2  el_before_av_one_fourth  avia-builder-el-first  icon_h4 first flex_column_div  '     ><\/div><div  class='flex_column av-2aurvu-70ebc54290f461d04ab80b71ab20661c av_one_fourth  avia-builder-el-3  el_after_av_one_fifth  el_before_av_one_fourth  icon_h4 flex_column_div avia-link-column av-column-link  '    data-link-column-url=\"https:\/\/camaraitaliana.com.br\/o-que-fazemos\/servicos\/organizacao-de-eventos-feiras-e-missoes\/\"   ><a class=\"av-screen-reader-only\" href=https:\/\/camaraitaliana.com.br\/o-que-fazemos\/servicos\/organizacao-de-eventos-feiras-e-missoes\/ >Link a: Organiza\u00e7\u00e3o de Eventos, Feiras e Miss\u00f5es<\/a><section  class='av_textblock_section av-220nq2-4e71d8dc511a7324501fd627b37b3cf1 '   itemscope=\"itemscope\" itemtype=\"https:\/\/schema.org\/CreativeWork\" ><div class='avia_textblock'  itemprop=\"text\" ><p><img loading=\"lazy\" decoding=\"async\" class=\"size-full wp-image-268 aligncenter\" src=\"https:\/\/camaraitaliana.com.br\/wp-content\/uploads\/2024\/05\/servico-1.png\" alt=\"\" width=\"90\" height=\"90\" srcset=\"https:\/\/camaraitaliana.com.br\/wp-content\/uploads\/2024\/05\/servico-1.png 90w, https:\/\/camaraitaliana.com.br\/wp-content\/uploads\/2024\/05\/servico-1-80x80.png 80w, https:\/\/camaraitaliana.com.br\/wp-content\/uploads\/2024\/05\/servico-1-36x36.png 36w\" sizes=\"auto, (max-width: 90px) 100vw, 90px\" \/><\/p>\n<h4 style=\"text-align: center;\">Organizzazione di Eventi, Fiere e Missioni<\/h4>\n<\/div><\/section><\/div><div  class='flex_column av-1xse8q-20f414fda415bd08625bba424c312426 av_one_fourth  avia-builder-el-5  el_after_av_one_fourth  el_before_av_one_fourth  icon_h4 flex_column_div avia-link-column av-column-link  '    data-link-column-url=\"https:\/\/camaraitaliana.com.br\/o-que-fazemos\/servicos\/internacionalizacao-de-empresas\/\"   ><a class=\"av-screen-reader-only\" href=https:\/\/camaraitaliana.com.br\/o-que-fazemos\/servicos\/internacionalizacao-de-empresas\/ >Link a: Internacionaliza\u00e7\u00e3o de Empresas<\/a><section  class='av_textblock_section av-1o4wze-8320fbdb8997501b7b25cdfe4256c930 '   itemscope=\"itemscope\" itemtype=\"https:\/\/schema.org\/CreativeWork\" ><div class='avia_textblock'  itemprop=\"text\" ><p><img loading=\"lazy\" decoding=\"async\" class=\"size-full wp-image-268 aligncenter\" src=\"https:\/\/camaraitaliana.com.br\/wp-content\/uploads\/2024\/05\/servico-2.png\" alt=\"\" width=\"90\" height=\"90\" \/><\/p>\n<h4 style=\"text-align: center;\">Internazionalizzazione delle Imprese<\/h4>\n<\/div><\/section><\/div><div  class='flex_column av-1lzv2a-9849eec97fa59935879bab8c52e6fed0 av_one_fourth  avia-builder-el-7  el_after_av_one_fourth  el_before_av_one_fifth  icon_h4 flex_column_div avia-link-column av-column-link  '    data-link-column-url=\"https:\/\/camaraitaliana.com.br\/o-que-fazemos\/servicos\/consultoria-tributaria-trabalhista-civel-e-comercial\/\"   ><a class=\"av-screen-reader-only\" href=https:\/\/camaraitaliana.com.br\/o-que-fazemos\/servicos\/consultoria-tributaria-trabalhista-civel-e-comercial\/ >Link a: Consultoria Jur\u00eddica e Comercial<\/a><section  class='av_textblock_section av-1hjthm-d9033be7a3d1cb6ddd0f11687363ce41 '   itemscope=\"itemscope\" itemtype=\"https:\/\/schema.org\/CreativeWork\" ><div class='avia_textblock'  itemprop=\"text\" ><p><img loading=\"lazy\" decoding=\"async\" class=\"size-full wp-image-268 aligncenter\" src=\"https:\/\/camaraitaliana.com.br\/wp-content\/uploads\/2024\/05\/servico-3.png\" alt=\"\" width=\"90\" height=\"90\" \/><\/p>\n<h4 style=\"text-align: center;\"><span class=\"TextRun SCXW181077305 BCX0\" lang=\"IT-IT\" xml:lang=\"IT-IT\" data-contrast=\"auto\"><span class=\"NormalTextRun SCXW181077305 BCX0\">Consulenza Legale e Commerciale<\/span><\/span><\/h4>\n<\/div><\/section><\/div><div  class='flex_column av-1bdwai-90cab25e25994e2f25636956841f6136 av_one_fifth  avia-builder-el-9  el_after_av_one_fourth  el_before_av_one_fourth  icon_h4 first flex_column_div  column-top-margin'     ><\/div><div  class='flex_column av-10gmvu-9bd347f86c8e2c8ca227c06f18130b16 av_one_fourth  avia-builder-el-10  el_after_av_one_fifth  el_before_av_one_fourth  icon_h4 flex_column_div avia-link-column av-column-link  column-top-margin'    data-link-column-url=\"https:\/\/camaraitaliana.com.br\/o-que-fazemos\/servicos\/assessoria-em-exportacao-e-importacao\/\"   ><a class=\"av-screen-reader-only\" href=https:\/\/camaraitaliana.com.br\/o-que-fazemos\/servicos\/assessoria-em-exportacao-e-importacao\/ >Link a: Assessoria em Exporta\u00e7\u00e3o e Importa\u00e7\u00e3o<\/a><section  class='av_textblock_section av-yxjuy-abc8210b8984d4eecee94fc40f935c12 '   itemscope=\"itemscope\" itemtype=\"https:\/\/schema.org\/CreativeWork\" ><div class='avia_textblock'  itemprop=\"text\" ><p><img loading=\"lazy\" decoding=\"async\" class=\"size-full wp-image-268 aligncenter\" src=\"https:\/\/camaraitaliana.com.br\/wp-content\/uploads\/2024\/05\/servico-4.png\" alt=\"\" width=\"90\" height=\"90\" \/><\/p>\n<h4 style=\"text-align: center;\"><span class=\"TextRun SCXW150479078 BCX0\" lang=\"IT-IT\" xml:lang=\"IT-IT\" data-contrast=\"auto\"><span class=\"NormalTextRun SCXW150479078 BCX0\">Consulenza per Esportazione e Importazione<\/span><\/span><\/h4>\n<\/div><\/section><\/div><div  class='flex_column av-s1lxm-32842eb950be0c65927986078c2356d8 av_one_fourth  avia-builder-el-12  el_after_av_one_fourth  el_before_av_one_fourth  icon_h4 flex_column_div avia-link-column av-column-link  column-top-margin'    data-link-column-url=\"https:\/\/camaraitaliana.com.br\/o-que-fazemos\/servicos\/inteligencia-de-mercado\/\"   ><a class=\"av-screen-reader-only\" href=https:\/\/camaraitaliana.com.br\/o-que-fazemos\/servicos\/inteligencia-de-mercado\/ >Link a: Intelig\u00eancia de Mercado<\/a><section  class='av_textblock_section av-kobs2-a6fcd1c950233a43309b7cd4b8e18563 '   itemscope=\"itemscope\" itemtype=\"https:\/\/schema.org\/CreativeWork\" ><div class='avia_textblock'  itemprop=\"text\" ><p><img loading=\"lazy\" decoding=\"async\" class=\"size-full wp-image-268 aligncenter\" src=\"https:\/\/camaraitaliana.com.br\/wp-content\/uploads\/2024\/05\/servico-5.png\" alt=\"\" width=\"90\" height=\"90\" \/><\/p>\n<h4 style=\"text-align: center;\"><span class=\"TextRun SCXW106363194 BCX0\" lang=\"IT-IT\" xml:lang=\"IT-IT\" data-contrast=\"auto\"><span class=\"NormalTextRun SCXW106363194 BCX0\">Analisi di Mercato<\/span><\/span><\/h4>\n<\/div><\/section><\/div><div  class='flex_column av-cyc2a-333cdca9f24baefcbd6cfa15a03407f7 av_one_fourth  avia-builder-el-14  el_after_av_one_fourth  avia-builder-el-last  icon_h4 flex_column_div avia-link-column av-column-link  column-top-margin'    data-link-column-url=\"https:\/\/camaraitaliana.com.br\/o-que-fazemos\/servicos\/marketing-direto\/\"   ><a class=\"av-screen-reader-only\" href=https:\/\/camaraitaliana.com.br\/o-que-fazemos\/servicos\/marketing-direto\/ >Link a: Marketing Direto<\/a><section  class='av_textblock_section av-814fm-537b3b844753c2d4442889dd32becccc '   itemscope=\"itemscope\" itemtype=\"https:\/\/schema.org\/CreativeWork\" ><div class='avia_textblock'  itemprop=\"text\" ><p><img loading=\"lazy\" decoding=\"async\" class=\"size-full wp-image-268 aligncenter\" src=\"https:\/\/camaraitaliana.com.br\/wp-content\/uploads\/2024\/05\/servico-6.png\" alt=\"\" width=\"90\" height=\"90\" \/><\/p>\n<h4 style=\"text-align: center;\">Promozione Diretta<\/h4>\n<\/div><\/section><\/div><\/div><\/div><\/div><!-- close content main div --><\/div><\/div><div id='after_section_1'  class='main_color av_default_container_wrap container_wrap fullsize'  ><div class='container av-section-cont-open' ><div class='template-page content  av-content-full alpha units'><div class='post-entry post-entry-type-page post-entry-1100'><div class='entry-content-wrapper clearfix'><div  class='flex_column av-av_one_fifth-dfffed1c4949eead95ef84c3cc332849 av_one_fifth  avia-builder-el-16  el_after_av_section  el_before_av_three_fifth  avia-builder-el-first  first flex_column_div  '     ><\/div><\/p>\n<div  class='flex_column av-av_three_fifth-54c7a8c687ceac98a88e72175089a99d av_three_fifth  avia-builder-el-17  el_after_av_one_fifth  el_before_av_one_fifth  flex_column_div  '     ><p>\n<style type=\"text\/css\" data-created_by=\"avia_inline_auto\" id=\"style-css-av-m0h5t5aa-c7ae72b2ee966444d9ea6917425507f6\">\n#top .av_textblock_section.av-m0h5t5aa-c7ae72b2ee966444d9ea6917425507f6 .avia_textblock{\ntext-align:center;\n}\n<\/style>\n<section  class='av_textblock_section av-m0h5t5aa-c7ae72b2ee966444d9ea6917425507f6 '   itemscope=\"itemscope\" itemtype=\"https:\/\/schema.org\/CreativeWork\" ><div class='avia_textblock'  itemprop=\"text\" ><p><span class=\"TextRun SCXW226876365 BCX0\" lang=\"IT-IT\" xml:lang=\"IT-IT\" data-contrast=\"auto\"><span class=\"NormalTextRun SCXW226876365 BCX0\">Oltre ai servizi evidenziati, offriamo una variet\u00e0 di altre soluzioni per soddisfare le esigenze specifiche della tua azienda. Per ulteriori informazioni, contattaci e scopri come possiamo aiutarti.<\/span><\/span><span class=\"EOP SCXW226876365 BCX0\" data-ccp-props=\"{\">\u00a0<\/span><\/p>\n<\/div><\/section><br \/>\n<div  class='avia-button-wrap av-m0h5ubjv-5c7dbcddfc8c11ff58aea3f2f0f3084e-wrap avia-button-center  avia-builder-el-19  el_after_av_textblock  avia-builder-el-last '><a href='https:\/\/camaraitaliana.com.br\/it\/cosa-facciamo\/contattaci\/'  class='avia-button av-m0h5ubjv-5c7dbcddfc8c11ff58aea3f2f0f3084e av-link-btn avia-icon_select-no avia-size-large avia-position-center avia-color-theme-color'  ><span class='avia_iconbox_title' >Contattaci<\/span><\/a><\/div><\/p><\/div>\n<div  class='flex_column av-av_one_fifth-54c7a8c687ceac98a88e72175089a99d av_one_fifth  avia-builder-el-20  el_after_av_three_fifth  avia-builder-el-last  flex_column_div  '     ><\/div>\n","protected":false},"excerpt":{"rendered":"","protected":false},"author":1,"featured_media":0,"parent":1081,"menu_order":0,"comment_status":"closed","ping_status":"closed","template":"","meta":{"_acf_changed":false,"inline_featured_image":false,"_joinchat":[],"footnotes":""},"class_list":["post-1100","page","type-page","status-publish","hentry"],"acf":[],"_links":{"self":[{"href":"https:\/\/camaraitaliana.com.br\/it\/wp-json\/wp\/v2\/pages\/1100","targetHints":{"allow":["GET"]}}],"collection":[{"href":"https:\/\/camaraitaliana.com.br\/it\/wp-json\/wp\/v2\/pages"}],"about":[{"href":"https:\/\/camaraitaliana.com.br\/it\/wp-json\/wp\/v2\/types\/page"}],"author":[{"embeddable":true,"href":"https:\/\/camaraitaliana.com.br\/it\/wp-json\/wp\/v2\/users\/1"}],"replies":[{"embeddable":true,"href":"https:\/\/camaraitaliana.com.br\/it\/wp-json\/wp\/v2\/comments?post=1100"}],"version-history":[{"count":1,"href":"https:\/\/camaraitaliana.com.br\/it\/wp-json\/wp\/v2\/pages\/1100\/revisions"}],"predecessor-version":[{"id":2364,"href":"https:\/\/camaraitaliana.com.br\/it\/wp-json\/wp\/v2\/pages\/1100\/revisions\/2364"}],"up":[{"embeddable":true,"href":"https:\/\/camaraitaliana.com.br\/it\/wp-json\/wp\/v2\/pages\/1081"}],"wp:attachment":[{"href":"https:\/\/camaraitaliana.com.br\/it\/wp-json\/wp\/v2\/media?parent=1100"}],"curies":[{"name":"wp","href":"https:\/\/api.w.org\/{rel}","templated":true}]}}