{"id":1138,"date":"2024-06-03T06:09:06","date_gmt":"2024-06-03T09:09:06","guid":{"rendered":"https:\/\/camaraitaliana.com.br\/a-camara\/colaboradores\/"},"modified":"2026-01-16T15:36:44","modified_gmt":"2026-01-16T18:36:44","slug":"team","status":"publish","type":"page","link":"https:\/\/camaraitaliana.com.br\/it\/la-camera\/team\/","title":{"rendered":"Team"},"content":{"rendered":"<div class='clear'><\/div><div id='submenu'  class='av-submenu-container av-10buts-087daeccdaa06e878356d5027f191e51 alternate_color  avia-builder-el-0  el_before_av_one_full  avia-builder-el-first  av-sticky-submenu container_wrap fullsize' style='z-index:301' ><div class='container av-menu-mobile-disabled av-submenu-pos-center'><ul id=\"menu-submenu-a-camara-italiano\" class=\"av-subnav-menu\" role=\"menu\"><li role=\"menuitem\" id=\"menu-item-1286\" class=\"menu-item menu-item-type-post_type menu-item-object-page menu-item-top-level menu-item-top-level-1\"><a href=\"https:\/\/camaraitaliana.com.br\/it\/la-camera\/chi-siamo\/\" itemprop=\"url\" tabindex=\"0\"><span class=\"avia-bullet\"><\/span><span class=\"avia-menu-text\">Chi siamo<\/span><span class=\"avia-menu-fx\"><span class=\"avia-arrow-wrap\"><span class=\"avia-arrow\"><\/span><\/span><\/span><\/a><\/li>\n<li role=\"menuitem\" id=\"menu-item-1287\" class=\"menu-item menu-item-type-post_type menu-item-object-page menu-item-top-level menu-item-top-level-2\"><a href=\"https:\/\/camaraitaliana.com.br\/it\/la-camera\/direzione\/\" itemprop=\"url\" tabindex=\"0\"><span class=\"avia-bullet\"><\/span><span class=\"avia-menu-text\">Direzione<\/span><span class=\"avia-menu-fx\"><span class=\"avia-arrow-wrap\"><span class=\"avia-arrow\"><\/span><\/span><\/span><\/a><\/li>\n<li role=\"menuitem\" id=\"menu-item-1288\" class=\"menu-item menu-item-type-post_type menu-item-object-page menu-item-top-level menu-item-top-level-3\"><a href=\"https:\/\/camaraitaliana.com.br\/it\/la-camera\/consigli\/\" itemprop=\"url\" tabindex=\"0\"><span class=\"avia-bullet\"><\/span><span class=\"avia-menu-text\">Consigli<\/span><span class=\"avia-menu-fx\"><span class=\"avia-arrow-wrap\"><span class=\"avia-arrow\"><\/span><\/span><\/span><\/a><\/li>\n<li role=\"menuitem\" id=\"menu-item-1289\" class=\"menu-item menu-item-type-post_type menu-item-object-page menu-item-top-level menu-item-top-level-4\"><a href=\"https:\/\/camaraitaliana.com.br\/it\/la-camera\/team\/\" itemprop=\"url\" tabindex=\"0\"><span class=\"avia-bullet\"><\/span><span class=\"avia-menu-text\">Team<\/span><span class=\"avia-menu-fx\"><span class=\"avia-arrow-wrap\"><span class=\"avia-arrow\"><\/span><\/span><\/span><\/a><\/li>\n<li role=\"menuitem\" id=\"menu-item-1290\" class=\"menu-item menu-item-type-post_type menu-item-object-page menu-item-top-level menu-item-top-level-5\"><a href=\"https:\/\/camaraitaliana.com.br\/it\/la-camera\/statuto-sociale\/\" itemprop=\"url\" tabindex=\"0\"><span class=\"avia-bullet\"><\/span><span class=\"avia-menu-text\">Statuto Sociale<\/span><span class=\"avia-menu-fx\"><span class=\"avia-arrow-wrap\"><span class=\"avia-arrow\"><\/span><\/span><\/span><\/a><\/li>\n<li role=\"menuitem\" id=\"menu-item-1291\" class=\"menu-item menu-item-type-post_type menu-item-object-page menu-item-top-level menu-item-top-level-6\"><a href=\"https:\/\/camaraitaliana.com.br\/it\/la-camera\/delegazioni\/\" itemprop=\"url\" tabindex=\"0\"><span class=\"avia-bullet\"><\/span><span class=\"avia-menu-text\">Delegazioni<\/span><span class=\"avia-menu-fx\"><span class=\"avia-arrow-wrap\"><span class=\"avia-arrow\"><\/span><\/span><\/span><\/a><\/li>\n<li role=\"menuitem\" id=\"menu-item-1941\" class=\"menu-item menu-item-type-post_type menu-item-object-page menu-item-top-level menu-item-top-level-7\"><a href=\"https:\/\/camaraitaliana.com.br\/it\/la-camera\/politica-della-qualita\/\" itemprop=\"url\" tabindex=\"0\"><span class=\"avia-bullet\"><\/span><span class=\"avia-menu-text\">Politica della Qualit\u00e0<\/span><span class=\"avia-menu-fx\"><span class=\"avia-arrow-wrap\"><span class=\"avia-arrow\"><\/span><\/span><\/span><\/a><\/li>\n<li role=\"menuitem\" id=\"menu-item-3202\" class=\"menu-item menu-item-type-post_type menu-item-object-page menu-item-top-level menu-item-top-level-8\"><a href=\"https:\/\/camaraitaliana.com.br\/it\/la-camera\/codice-etico\/\" itemprop=\"url\" tabindex=\"0\"><span class=\"avia-bullet\"><\/span><span class=\"avia-menu-text\">Codice Etico<\/span><span class=\"avia-menu-fx\"><span class=\"avia-arrow-wrap\"><span class=\"avia-arrow\"><\/span><\/span><\/span><\/a><\/li>\n<\/ul><\/div><\/div><div class='sticky_placeholder'><\/div><div id='after_submenu_1'  class='main_color av_default_container_wrap container_wrap fullsize'  ><div class='container av-section-cont-open' ><div class='template-page content  av-content-full alpha units'><div class='post-entry post-entry-type-page post-entry-1138'><div class='entry-content-wrapper clearfix'>\n<div  class='flex_column av-av_one_full-dfffed1c4949eead95ef84c3cc332849 av_one_full  avia-builder-el-1  el_after_av_submenu  el_before_av_one_full  avia-builder-el-first  first flex_column_div  '     ><section  class='av_textblock_section av-m0h7lnir-c5720028c8f18278448df52a823a1b75 '   itemscope=\"itemscope\" itemtype=\"https:\/\/schema.org\/CreativeWork\" ><div class='avia_textblock'  itemprop=\"text\" ><h4><strong><img loading=\"lazy\" decoding=\"async\" class=\"wp-image-17598 alignleft\" src=\"https:\/\/camaraitaliana.com.br\/wp-content\/uploads\/2023\/08\/8-240x300.png\" sizes=\"auto, (max-width: 200px) 100vw, 200px\" srcset=\"https:\/\/camaraitaliana.com.br\/wp-content\/uploads\/2023\/08\/8-240x300.png 240w, https:\/\/camaraitaliana.com.br\/wp-content\/uploads\/2023\/08\/8-384x480.png 384w, https:\/\/camaraitaliana.com.br\/wp-content\/uploads\/2023\/08\/8-768x960.png 768w, https:\/\/camaraitaliana.com.br\/wp-content\/uploads\/2023\/08\/8.png 1080w\" alt=\"\" width=\"240\" height=\"300\" \/>Iannancilda Carvalho \u2013 Finanza<\/strong><\/h4>\n<p>Nata a Recife \u2013 PE (Brasile), Iannancilda \u00e8 una professionista con una formazione in Contabilit\u00e0 presso la Faculdade C\u00e2ndido Mendes. Dimostrando un impegno duraturo, fa parte del team della Camera dal 1994, contribuendo nelle aree Amministrativa, Finanziaria e delle Risorse Umane. Svolge con maestria attivit\u00e0 contabili e svolge un ruolo essenziale che sostiene il funzionamento efficiente della Camera.<\/p>\n<\/div><\/section><\/div>\n<div  class='flex_column av-av_one_full-dfffed1c4949eead95ef84c3cc332849 av_one_full  avia-builder-el-3  el_after_av_one_full  el_before_av_one_full  first flex_column_div  column-top-margin'     ><section  class='av_textblock_section av-mkeecoel-20bb3f09672e25569bc53d045e1850e2 '   itemscope=\"itemscope\" itemtype=\"https:\/\/schema.org\/CreativeWork\" ><div class='avia_textblock'  itemprop=\"text\" ><h4><strong><img loading=\"lazy\" decoding=\"async\" class=\"wp-image-2284 alignleft\" src=\"https:\/\/camaraitaliana.com.br\/wp-content\/uploads\/2025\/02\/16.png\" alt=\"\" width=\"230\" height=\"288\" srcset=\"https:\/\/camaraitaliana.com.br\/wp-content\/uploads\/2025\/02\/16.png 1080w, https:\/\/camaraitaliana.com.br\/wp-content\/uploads\/2025\/02\/16-240x300.png 240w, https:\/\/camaraitaliana.com.br\/wp-content\/uploads\/2025\/02\/16-824x1030.png 824w, https:\/\/camaraitaliana.com.br\/wp-content\/uploads\/2025\/02\/16-768x960.png 768w, https:\/\/camaraitaliana.com.br\/wp-content\/uploads\/2025\/02\/16-564x705.png 564w\" sizes=\"auto, (max-width: 230px) 100vw, 230px\" \/><\/strong><strong> La\u00eds Bueno &#8211; <\/strong>Comunicazione ed Eventi (Stagista)<\/h4>\n<p>La\u00eds \u00e8 una studentessa universitaria in Relazioni Internazionali presso l&#8217;Universit\u00e0 Federale Fluminense e attualmente stagista presso la Camera di Commercio e Industria Italo-Brasiliana. Con un focus su progetti e servizi, La\u00eds si distingue per il suo efficiente supporto ai colleghi, contribuendo allo svolgimento delle attivit\u00e0 quotidiane e al rafforzamento delle relazioni bilaterali tra Brasile e Italia.<\/p>\n<\/div><\/section><\/div>\n<div  class='flex_column av-av_one_full-dfffed1c4949eead95ef84c3cc332849 av_one_full  avia-builder-el-5  el_after_av_one_full  el_before_av_one_full  first flex_column_div  column-top-margin'     ><section  class='av_textblock_section av-mkh7z6ux-5b6fa328e43e315974cb9180faf2dc1a '   itemscope=\"itemscope\" itemtype=\"https:\/\/schema.org\/CreativeWork\" ><div class='avia_textblock'  itemprop=\"text\" ><h4><img loading=\"lazy\" decoding=\"async\" class=\"wp-image-3204 alignleft\" src=\"https:\/\/camaraitaliana.com.br\/wp-content\/uploads\/2026\/01\/WhatsApp-Image-2026-01-16-at-10.21.05.jpeg\" alt=\"\" width=\"219\" height=\"329\" srcset=\"https:\/\/camaraitaliana.com.br\/wp-content\/uploads\/2026\/01\/WhatsApp-Image-2026-01-16-at-10.21.05.jpeg 1024w, https:\/\/camaraitaliana.com.br\/wp-content\/uploads\/2026\/01\/WhatsApp-Image-2026-01-16-at-10.21.05-200x300.jpeg 200w, https:\/\/camaraitaliana.com.br\/wp-content\/uploads\/2026\/01\/WhatsApp-Image-2026-01-16-at-10.21.05-687x1030.jpeg 687w, https:\/\/camaraitaliana.com.br\/wp-content\/uploads\/2026\/01\/WhatsApp-Image-2026-01-16-at-10.21.05-768x1152.jpeg 768w, https:\/\/camaraitaliana.com.br\/wp-content\/uploads\/2026\/01\/WhatsApp-Image-2026-01-16-at-10.21.05-1000x1500.jpeg 1000w, https:\/\/camaraitaliana.com.br\/wp-content\/uploads\/2026\/01\/WhatsApp-Image-2026-01-16-at-10.21.05-470x705.jpeg 470w\" sizes=\"auto, (max-width: 219px) 100vw, 219px\" \/>Ana Clara &#8211; Associati (Stagista)<\/h4>\n<p>Attualmente laureanda in Relazioni Internazionali presso l&#8217;Universit\u00e0 Federale Fluminense, lavora come stagista presso l&#8217;Ufficio Soci della Camera di Commercio e Industria Italo-Brasiliana. Si occupa della gestione dei rapporti con i soci, del follow-up delle richieste e della comunicazione istituzionale. Ha una formazione complementare in Scienze Politiche e Relazioni Internazionali, acquisita durante un semestre di studi presso l&#8217;Universit\u00e0 degli Studi di Napoli L&#8217;Orientale, esperienza che ha contribuito a rafforzare la sua prospettiva internazionale e interculturale.<\/p>\n<\/div><\/section><\/div><div  class='flex_column av-av_one_full-dfffed1c4949eead95ef84c3cc332849 av_one_full  avia-builder-el-7  el_after_av_one_full  avia-builder-el-last  first flex_column_div  column-top-margin'     ><section  class='av_textblock_section av-m0h7n9vg-f4e4b6424abd8e475e0321c48a19efba '   itemscope=\"itemscope\" itemtype=\"https:\/\/schema.org\/CreativeWork\" ><div class='avia_textblock'  itemprop=\"text\" ><h4><strong><img loading=\"lazy\" decoding=\"async\" class=\" wp-image-17602 alignleft\" src=\"https:\/\/camaraitaliana.com.br\/wp-content\/uploads\/2023\/08\/9-240x300.png\" sizes=\"auto, (max-width: 200px) 100vw, 200px\" srcset=\"https:\/\/camaraitaliana.com.br\/wp-content\/uploads\/2023\/08\/9-240x300.png 240w, https:\/\/camaraitaliana.com.br\/wp-content\/uploads\/2023\/08\/9-384x480.png 384w, https:\/\/camaraitaliana.com.br\/wp-content\/uploads\/2023\/08\/9-768x960.png 768w, https:\/\/camaraitaliana.com.br\/wp-content\/uploads\/2023\/08\/9.png 1080w\" alt=\"\" width=\"240\" height=\"300\" \/>Gabriel Reis \u2013 Progetti (Volontario)<\/strong><\/h4>\n<p>Nato a Rio de Janeiro \u2013 RJ (Brasile), Gabriel \u00e8 un avvocato laureato presso l\u2019Universit\u00e0 Federale di Rio de Janeiro (UFRJ). Attualmente sta seguendo un corso di laurea magistrale presso l\u2019Universit\u00e0 Federale di Minas Gerais (UFMG) e una specializzazione in Diritto Digitale presso l\u2019Universit\u00e0 dello Stato di Rio de Janeiro (UERJ), riflettendo il suo impegno nell\u2019apprendimento continuo. La sua preziosa esperienza include la Propriet\u00e0 Intellettuale e il Diritto dell\u2019Intrattenimento, consolidando il suo profilo poliedrico. Gabriel svolge un ruolo essenziale nel settore dei progetti della Camera.<\/p>\n<\/div><\/section><\/div><\/p>\n","protected":false},"excerpt":{"rendered":"","protected":false},"author":1,"featured_media":0,"parent":1080,"menu_order":4,"comment_status":"closed","ping_status":"closed","template":"","meta":{"_acf_changed":false,"inline_featured_image":false,"_joinchat":[],"footnotes":""},"class_list":["post-1138","page","type-page","status-publish","hentry"],"acf":[],"_links":{"self":[{"href":"https:\/\/camaraitaliana.com.br\/it\/wp-json\/wp\/v2\/pages\/1138","targetHints":{"allow":["GET"]}}],"collection":[{"href":"https:\/\/camaraitaliana.com.br\/it\/wp-json\/wp\/v2\/pages"}],"about":[{"href":"https:\/\/camaraitaliana.com.br\/it\/wp-json\/wp\/v2\/types\/page"}],"author":[{"embeddable":true,"href":"https:\/\/camaraitaliana.com.br\/it\/wp-json\/wp\/v2\/users\/1"}],"replies":[{"embeddable":true,"href":"https:\/\/camaraitaliana.com.br\/it\/wp-json\/wp\/v2\/comments?post=1138"}],"version-history":[{"count":4,"href":"https:\/\/camaraitaliana.com.br\/it\/wp-json\/wp\/v2\/pages\/1138\/revisions"}],"predecessor-version":[{"id":3206,"href":"https:\/\/camaraitaliana.com.br\/it\/wp-json\/wp\/v2\/pages\/1138\/revisions\/3206"}],"up":[{"embeddable":true,"href":"https:\/\/camaraitaliana.com.br\/it\/wp-json\/wp\/v2\/pages\/1080"}],"wp:attachment":[{"href":"https:\/\/camaraitaliana.com.br\/it\/wp-json\/wp\/v2\/media?parent=1138"}],"curies":[{"name":"wp","href":"https:\/\/api.w.org\/{rel}","templated":true}]}}