{"id":1140,"date":"2024-08-14T06:03:07","date_gmt":"2024-08-14T09:03:07","guid":{"rendered":"https:\/\/camaraitaliana.com.br\/a-camara\/delegacoes\/"},"modified":"2026-02-25T14:29:24","modified_gmt":"2026-02-25T17:29:24","slug":"delegazioni","status":"publish","type":"page","link":"https:\/\/camaraitaliana.com.br\/it\/la-camera\/delegazioni\/","title":{"rendered":"Delegazioni"},"content":{"rendered":"<div class='clear'><\/div><div id='submenu'  class='av-submenu-container av-15aafi-adf77935ba7b00ab58d15e759d2d5748 alternate_color  avia-builder-el-0  el_before_av_section  avia-builder-el-first  av-sticky-submenu container_wrap fullsize' style='z-index:301' ><div class='container av-menu-mobile-disabled av-submenu-pos-center'><ul id=\"menu-submenu-a-camara-italiano\" class=\"av-subnav-menu\" role=\"menu\"><li role=\"menuitem\" id=\"menu-item-1286\" class=\"menu-item menu-item-type-post_type menu-item-object-page menu-item-top-level menu-item-top-level-1\"><a href=\"https:\/\/camaraitaliana.com.br\/it\/la-camera\/chi-siamo\/\" itemprop=\"url\" tabindex=\"0\"><span class=\"avia-bullet\"><\/span><span class=\"avia-menu-text\">Chi siamo<\/span><span class=\"avia-menu-fx\"><span class=\"avia-arrow-wrap\"><span class=\"avia-arrow\"><\/span><\/span><\/span><\/a><\/li>\n<li role=\"menuitem\" id=\"menu-item-1287\" class=\"menu-item menu-item-type-post_type menu-item-object-page menu-item-top-level menu-item-top-level-2\"><a href=\"https:\/\/camaraitaliana.com.br\/it\/la-camera\/direzione\/\" itemprop=\"url\" tabindex=\"0\"><span class=\"avia-bullet\"><\/span><span class=\"avia-menu-text\">Direzione<\/span><span class=\"avia-menu-fx\"><span class=\"avia-arrow-wrap\"><span class=\"avia-arrow\"><\/span><\/span><\/span><\/a><\/li>\n<li role=\"menuitem\" id=\"menu-item-1288\" class=\"menu-item menu-item-type-post_type menu-item-object-page menu-item-top-level menu-item-top-level-3\"><a href=\"https:\/\/camaraitaliana.com.br\/it\/la-camera\/consigli\/\" itemprop=\"url\" tabindex=\"0\"><span class=\"avia-bullet\"><\/span><span class=\"avia-menu-text\">Consigli<\/span><span class=\"avia-menu-fx\"><span class=\"avia-arrow-wrap\"><span class=\"avia-arrow\"><\/span><\/span><\/span><\/a><\/li>\n<li role=\"menuitem\" id=\"menu-item-1289\" class=\"menu-item menu-item-type-post_type menu-item-object-page menu-item-top-level menu-item-top-level-4\"><a href=\"https:\/\/camaraitaliana.com.br\/it\/la-camera\/team\/\" itemprop=\"url\" tabindex=\"0\"><span class=\"avia-bullet\"><\/span><span class=\"avia-menu-text\">Team<\/span><span class=\"avia-menu-fx\"><span class=\"avia-arrow-wrap\"><span class=\"avia-arrow\"><\/span><\/span><\/span><\/a><\/li>\n<li role=\"menuitem\" id=\"menu-item-1290\" class=\"menu-item menu-item-type-post_type menu-item-object-page menu-item-top-level menu-item-top-level-5\"><a href=\"https:\/\/camaraitaliana.com.br\/it\/la-camera\/statuto-sociale\/\" itemprop=\"url\" tabindex=\"0\"><span class=\"avia-bullet\"><\/span><span class=\"avia-menu-text\">Statuto Sociale<\/span><span class=\"avia-menu-fx\"><span class=\"avia-arrow-wrap\"><span class=\"avia-arrow\"><\/span><\/span><\/span><\/a><\/li>\n<li role=\"menuitem\" id=\"menu-item-1291\" class=\"menu-item menu-item-type-post_type menu-item-object-page menu-item-top-level menu-item-top-level-6\"><a href=\"https:\/\/camaraitaliana.com.br\/it\/la-camera\/delegazioni\/\" itemprop=\"url\" tabindex=\"0\"><span class=\"avia-bullet\"><\/span><span class=\"avia-menu-text\">Delegazioni<\/span><span class=\"avia-menu-fx\"><span class=\"avia-arrow-wrap\"><span class=\"avia-arrow\"><\/span><\/span><\/span><\/a><\/li>\n<li role=\"menuitem\" id=\"menu-item-1941\" class=\"menu-item menu-item-type-post_type menu-item-object-page menu-item-top-level menu-item-top-level-7\"><a href=\"https:\/\/camaraitaliana.com.br\/it\/la-camera\/politica-della-qualita\/\" itemprop=\"url\" tabindex=\"0\"><span class=\"avia-bullet\"><\/span><span class=\"avia-menu-text\">Politica della Qualit\u00e0<\/span><span class=\"avia-menu-fx\"><span class=\"avia-arrow-wrap\"><span class=\"avia-arrow\"><\/span><\/span><\/span><\/a><\/li>\n<li role=\"menuitem\" id=\"menu-item-3202\" class=\"menu-item menu-item-type-post_type menu-item-object-page menu-item-top-level menu-item-top-level-8\"><a href=\"https:\/\/camaraitaliana.com.br\/it\/la-camera\/codice-etico\/\" itemprop=\"url\" tabindex=\"0\"><span class=\"avia-bullet\"><\/span><span class=\"avia-menu-text\">Codice Etico<\/span><span class=\"avia-menu-fx\"><span class=\"avia-arrow-wrap\"><span class=\"avia-arrow\"><\/span><\/span><\/span><\/a><\/li>\n<\/ul><\/div><\/div><div class='sticky_placeholder'><\/div>\n<div id='av_section_1'  class='avia-section av-nkq9q-245ad34e7c437249dbbe079e4079244f main_color avia-section-default avia-no-border-styling  avia-builder-el-1  el_after_av_submenu  avia-builder-el-last  avia-bg-style-scroll container_wrap fullsize'  ><div class='container av-section-cont-open' ><div class='template-page content  av-content-full alpha units'><div class='post-entry post-entry-type-page post-entry-1140'><div class='entry-content-wrapper clearfix'>\n<div  class='flex_column av-g4kpy-639bf68967e21b6aebd0dff425dd0e1c av_one_full  avia-builder-el-2  avia-builder-el-no-sibling  first flex_column_div  '     ><section  class='av_textblock_section av-8r90u-d30c7ec1c0fcbf591bbf6a012dfc6b4b '   itemscope=\"itemscope\" itemtype=\"https:\/\/schema.org\/CreativeWork\" ><div class='avia_textblock'  itemprop=\"text\" ><p><span class=\"TextRun SCXW27446258 BCX0\" lang=\"IT-IT\" xml:lang=\"IT-IT\" data-contrast=\"none\"><span class=\"NormalTextRun SCXW27446258 BCX0\" data-ccp-parastyle=\"heading 4\">La Camera italo-brasiliana \u00e8 sempre vicina ai suoi associati in Brasile e in I<\/span><span class=\"NormalTextRun SCXW27446258 BCX0\" data-ccp-parastyle=\"heading 4\">talia<\/span><span class=\"NormalTextRun SCXW27446258 BCX0\" data-ccp-parastyle=\"heading 4\">.<\/span><\/span><span class=\"LineBreakBlob BlobObject DragDrop SCXW27446258 BCX0\"><span class=\"SCXW27446258 BCX0\">\u00a0<\/span><br class=\"SCXW27446258 BCX0\" \/><\/span><span class=\"TextRun SCXW27446258 BCX0\" lang=\"IT-IT\" xml:lang=\"IT-IT\" data-contrast=\"none\"><span class=\"NormalTextRun SCXW27446258 BCX0\" data-ccp-parastyle=\"heading 4\">Vedi dove trovare una delegazione di rappresentanza:<\/span><\/span><span class=\"EOP SCXW27446258 BCX0\" data-ccp-props=\"{\">\u00a0<\/span><\/p>\n<p><img loading=\"lazy\" decoding=\"async\" class=\"alignleft wp-image-17223 size-thumbnail\" src=\"https:\/\/camaraitaliana.com.br\/wp-content\/uploads\/2023\/02\/WhatsApp-Image-2023-02-09-at-16.51.17-1-150x150.jpeg\" alt=\"\" width=\"150\" height=\"150\" \/><\/p>\n<p><strong>CEAR\u00c1 (Delegazione)<\/strong><\/p>\n<p>Sede:\u00a0<span class=\"S1PPyQ\">Rua Dr. Atualpa Barbosa Lima, 630, sala 203 \u2013 Meireles, Fortaleza, 60.115-015<\/span><span class=\"S1PPyQ\">\u00a0(Brasile)<\/span><br \/>\nDelegato: Vittorio Ghia<\/p>\n<p>Telefono:\u00a0<span class=\"S1PPyQ\">+55 85 2181-8449 | +55 85 3273-2606 | +55 85 99696-8640 | +39 33 93 03 03 40<\/span><br \/>\nE-mail:\u00a0<a href=\"mailto:ceara@camaraitaliana.com.br\" target=\"_blank\" rel=\"noopener\">ceara@camaraitaliana.com.br<\/a><\/p>\n<hr \/>\n<p><strong><img loading=\"lazy\" decoding=\"async\" class=\"wp-image-11693 size-thumbnail alignleft\" src=\"https:\/\/camaraitaliana.com.br\/wp-content\/uploads\/2021\/12\/92-1-150x150.jpeg\" alt=\"\" width=\"150\" height=\"150\" \/>MARANH\u00c3O (Delegazione)<\/strong><\/p>\n<p>Sede: Av. dos Holandeses, Ed. Century, Sala 2 \u2013 T\u00e9rreo, S\u00e3o Lu\u00eds \u2013 MA, 65.071-380 (Brasile)<br \/>\nDelegato: Francesco Cerrato<\/p>\n<p>Telefono: +55 98 98512-0660<br \/>\nE-mail:\u00a0<a href=\"mailto:maranhao@camaraitaliana.com.br\">maranhao@camaraitaliana.com.br\u00a0<\/a><\/p>\n<hr \/>\n<p><img loading=\"lazy\" decoding=\"async\" class=\"alignleft wp-image-17227 size-thumbnail\" src=\"https:\/\/camaraitaliana.com.br\/wp-content\/uploads\/2023\/02\/Design-sem-nome-24-150x150.png\" alt=\"\" width=\"150\" height=\"150\" \/><\/p>\n<p><strong>PAR\u00c1 (Delegazione)<\/strong><\/p>\n<p>Sede: Bel\u00e9m \u2013 PA (Brasile)<br \/>\nDelegato: Carlos Eduardo Alves de Mendon\u00e7a<\/p>\n<p>Telefono: +55 21 98240-1507<br \/>\nE-mail:\u00a0<a href=\"mailto:info@camaraitaliana.com.br\">info@camaraitaliana.com.br<\/a><\/p>\n<hr \/>\n<p><img loading=\"lazy\" decoding=\"async\" class=\"alignleft wp-image-17237 size-thumbnail\" src=\"https:\/\/camaraitaliana.com.br\/wp-content\/uploads\/2023\/02\/Design-sem-nome-25-150x150.png\" alt=\"\" width=\"150\" height=\"150\" \/><\/p>\n<p><strong>VENETO (Rappresentanza)<\/strong><\/p>\n<p>Sede: Padova \u2013 Veneto (Italia)<br \/>\nRappresentante:\u00a0A<span class=\"S1PPyQ\">lessandro Brazzale<\/span><\/p>\n<p>Telefono: +55 21 98240-1507<br \/>\nE-mail:\u00a0<a href=\"mailto:nord.italia@camaraitaliana.com.br\">nord.italia@camaraitaliana.com.br<\/a><\/p>\n<\/div><\/section><\/div>\n","protected":false},"excerpt":{"rendered":"","protected":false},"author":1,"featured_media":0,"parent":1080,"menu_order":10,"comment_status":"closed","ping_status":"closed","template":"","meta":{"_acf_changed":false,"inline_featured_image":false,"_joinchat":[],"footnotes":""},"class_list":["post-1140","page","type-page","status-publish","hentry"],"acf":[],"_links":{"self":[{"href":"https:\/\/camaraitaliana.com.br\/it\/wp-json\/wp\/v2\/pages\/1140","targetHints":{"allow":["GET"]}}],"collection":[{"href":"https:\/\/camaraitaliana.com.br\/it\/wp-json\/wp\/v2\/pages"}],"about":[{"href":"https:\/\/camaraitaliana.com.br\/it\/wp-json\/wp\/v2\/types\/page"}],"author":[{"embeddable":true,"href":"https:\/\/camaraitaliana.com.br\/it\/wp-json\/wp\/v2\/users\/1"}],"replies":[{"embeddable":true,"href":"https:\/\/camaraitaliana.com.br\/it\/wp-json\/wp\/v2\/comments?post=1140"}],"version-history":[{"count":3,"href":"https:\/\/camaraitaliana.com.br\/it\/wp-json\/wp\/v2\/pages\/1140\/revisions"}],"predecessor-version":[{"id":3294,"href":"https:\/\/camaraitaliana.com.br\/it\/wp-json\/wp\/v2\/pages\/1140\/revisions\/3294"}],"up":[{"embeddable":true,"href":"https:\/\/camaraitaliana.com.br\/it\/wp-json\/wp\/v2\/pages\/1080"}],"wp:attachment":[{"href":"https:\/\/camaraitaliana.com.br\/it\/wp-json\/wp\/v2\/media?parent=1140"}],"curies":[{"name":"wp","href":"https:\/\/api.w.org\/{rel}","templated":true}]}}