{"id":3283,"date":"2026-02-24T21:46:14","date_gmt":"2026-02-25T00:46:14","guid":{"rendered":"https:\/\/camaraitaliana.com.br\/?page_id=3283"},"modified":"2026-04-08T15:21:32","modified_gmt":"2026-04-08T18:21:32","slug":"codice-deontologico","status":"publish","type":"page","link":"https:\/\/camaraitaliana.com.br\/it\/la-camera\/codice-deontologico\/","title":{"rendered":"Codice Deontologico"},"content":{"rendered":"<p style=\"font-weight: 400;\">Il\u00a0<strong>Codice Deontologico di Assocamerestero<\/strong>\u00a0stabilisce i principi etici e le linee guida di condotta che orientano l\u2019operato delle\u00a0<strong>Camere di Commercio Italiane all\u2019Estero (CCIE)<\/strong>. Il suo obiettivo \u00e8 garantire elevati standard di integrit\u00e0, trasparenza e responsabilit\u00e0 istituzionale, contribuendo al rafforzamento delle relazioni economiche tra l\u2019Italia, il Brasile e gli altri mercati internazionali.<\/p>\n<p style=\"font-weight: 400;\">Il documento definisce norme chiare per la prevenzione dei conflitti di interesse, la tutela della riservatezza delle informazioni e l\u2019armonizzazione delle pratiche adottate da dirigenti, collaboratori e associati, salvaguardando la credibilit\u00e0, la reputazione e l\u2019affidabilit\u00e0 della rete Assocamerestero.<\/p>\n<p style=\"font-weight: 400;\">Le linee guida deontologiche di Assocamerestero si fondano sui seguenti pilastri:<\/p>\n<ul style=\"font-weight: 400;\">\n<li><strong>Integrit\u00e0 Professionale<\/strong>: un\u2019azione etica, responsabile e coerente con i valori istituzionali, volta a rafforzare l\u2019immagine e la legittimit\u00e0 della rete delle Camere di Commercio Italiane all\u2019Estero.<\/li>\n<li><strong>Gestione dei Conflitti di Interesse<\/strong>: prevenzione di situazioni in cui interessi personali, familiari o societari di dirigenti e collaboratori possano influenzare le decisioni istituzionali.<\/li>\n<li><strong>Trasparenza e Riservatezza<\/strong>: impegno nella tutela delle informazioni sensibili della Camera, dei suoi associati e dei partner istituzionali.<\/li>\n<li><strong>Conformit\u00e0 Normativa<\/strong>: rispetto delle regole e dei criteri stabiliti per l\u2019ammissione, la permanenza e la condotta di associati, membri e collaboratori.<\/li>\n<\/ul>\n<p style=\"font-weight: 400;\"><a href=\"https:\/\/drive.google.com\/file\/d\/1aRc-DFIVkx_7aXPNXr1dIOG9T6Ue-OfV\/view?usp=sharing\"><strong>Clicca qui per consultare il documento integrale.<\/strong><\/a><\/p>\n","protected":false},"excerpt":{"rendered":"<p>Il\u00a0Codice Deontologico di Assocamerestero\u00a0stabilisce i principi etici e le linee guida di condotta che orientano l\u2019operato delle\u00a0Camere di Commercio Italiane all\u2019Estero (CCIE). Il suo obiettivo \u00e8 garantire elevati standard di integrit\u00e0, trasparenza e responsabilit\u00e0 istituzionale, contribuendo al rafforzamento delle relazioni economiche tra l\u2019Italia, il Brasile e gli altri mercati internazionali. Il documento definisce norme chiare [&hellip;]<\/p>\n","protected":false},"author":1,"featured_media":0,"parent":1080,"menu_order":0,"comment_status":"closed","ping_status":"closed","template":"","meta":{"_acf_changed":false,"inline_featured_image":false,"_joinchat":[],"footnotes":""},"class_list":["post-3283","page","type-page","status-publish","hentry"],"acf":[],"_links":{"self":[{"href":"https:\/\/camaraitaliana.com.br\/it\/wp-json\/wp\/v2\/pages\/3283","targetHints":{"allow":["GET"]}}],"collection":[{"href":"https:\/\/camaraitaliana.com.br\/it\/wp-json\/wp\/v2\/pages"}],"about":[{"href":"https:\/\/camaraitaliana.com.br\/it\/wp-json\/wp\/v2\/types\/page"}],"author":[{"embeddable":true,"href":"https:\/\/camaraitaliana.com.br\/it\/wp-json\/wp\/v2\/users\/1"}],"replies":[{"embeddable":true,"href":"https:\/\/camaraitaliana.com.br\/it\/wp-json\/wp\/v2\/comments?post=3283"}],"version-history":[{"count":3,"href":"https:\/\/camaraitaliana.com.br\/it\/wp-json\/wp\/v2\/pages\/3283\/revisions"}],"predecessor-version":[{"id":3334,"href":"https:\/\/camaraitaliana.com.br\/it\/wp-json\/wp\/v2\/pages\/3283\/revisions\/3334"}],"up":[{"embeddable":true,"href":"https:\/\/camaraitaliana.com.br\/it\/wp-json\/wp\/v2\/pages\/1080"}],"wp:attachment":[{"href":"https:\/\/camaraitaliana.com.br\/it\/wp-json\/wp\/v2\/media?parent=3283"}],"curies":[{"name":"wp","href":"https:\/\/api.w.org\/{rel}","templated":true}]}}